{"id":536,"date":"2025-08-21T19:20:29","date_gmt":"2025-08-21T19:20:29","guid":{"rendered":"https:\/\/alumimundo.com\/?page_id=536"},"modified":"2025-10-23T18:17:45","modified_gmt":"2025-10-23T18:17:45","slug":"loza-y-griferia-residencial","status":"publish","type":"page","link":"https:\/\/alumimundo.com\/en\/loza-y-griferia-residencial\/","title":{"rendered":"Residential Bathroom fixtures and Faucets"},"content":{"rendered":"<div data-elementor-type=\"wp-page\" data-elementor-id=\"536\" class=\"elementor elementor-536\" data-elementor-post-type=\"page\">\n\t\t\t\t<div class=\"elementor-element elementor-element-7e4110d e-con-full e-flex e-con e-parent\" data-id=\"7e4110d\" data-element_type=\"container\" data-settings=\"{&quot;background_background&quot;:&quot;classic&quot;}\">\n\t\t<div class=\"elementor-element elementor-element-0636704 e-con-full e-flex e-con e-child\" data-id=\"0636704\" data-element_type=\"container\">\n\t\t\t\t<div class=\"elementor-element elementor-element-cbc019b elementor-widget elementor-widget-heading\" data-id=\"cbc019b\" data-element_type=\"widget\" data-widget_type=\"heading.default\">\n\t\t\t\t\t<h2 class=\"elementor-heading-title elementor-size-default\">Residential Bathroom fixtures and Faucets<\/h2>\t\t\t\t<\/div>\n\t\t<div class=\"elementor-element elementor-element-e7ddcbc e-con-full e-flex e-con e-child\" data-id=\"e7ddcbc\" data-element_type=\"container\" data-settings=\"{&quot;background_background&quot;:&quot;classic&quot;}\">\n\t\t\t\t<div class=\"elementor-element elementor-element-218246c elementor-widget elementor-widget-text-editor\" data-id=\"218246c\" data-element_type=\"widget\" data-widget_type=\"text-editor.default\">\n\t\t\t\t\t\t\t\t\t<p><a href=\"\/en\/Do you need advice\/\">Do you need advice?<\/a><\/p>\t\t\t\t\t\t\t\t<\/div>\n\t\t\t\t<\/div>\n\t\t\t\t<\/div>\n\t\t\t\t<\/div>\n\t\t<div class=\"elementor-element elementor-element-0fbc4b4 e-flex e-con-boxed e-con e-parent\" data-id=\"0fbc4b4\" data-element_type=\"container\" data-settings=\"{&quot;background_background&quot;:&quot;classic&quot;}\">\n\t\t\t\t\t<div class=\"e-con-inner\">\n\t\t<div class=\"elementor-element elementor-element-412b204 e-con-full e-flex e-con e-child\" data-id=\"412b204\" data-element_type=\"container\">\n\t\t<div class=\"elementor-element elementor-element-14ee30b e-con-full e-flex e-con e-child\" data-id=\"14ee30b\" data-element_type=\"container\">\n\t\t<div class=\"elementor-element elementor-element-614bc46 e-con-full e-flex e-con e-child\" data-id=\"614bc46\" data-element_type=\"container\">\n\t\t\t\t<div class=\"elementor-element elementor-element-9efcf1d elementor-widget elementor-widget-heading\" data-id=\"9efcf1d\" data-element_type=\"widget\" data-widget_type=\"heading.default\">\n\t\t\t\t\t<h5 class=\"elementor-heading-title elementor-size-default\">Residential Bathroom Fixtures and Faucets<\/h5>\t\t\t\t<\/div>\n\t\t\t\t<\/div>\n\t\t\t\t<\/div>\n\t\t<div class=\"elementor-element elementor-element-c1410dc e-con-full e-flex e-con e-child\" data-id=\"c1410dc\" data-element_type=\"container\">\n\t\t\t\t<div class=\"elementor-element elementor-element-a559b05 elementor-widget elementor-widget-text-editor\" data-id=\"a559b05\" data-element_type=\"widget\" data-widget_type=\"text-editor.default\">\n\t\t\t\t\t\t\t\t\t<p>Bathroom Fixtures and faucets for both bathrooms and kitchens are essential elements that define the style and functionality of your spaces. At Alumimundo, we are committed to sourcing brands that offer the best price-to-value ratio in construction finish solutions.<\/p>\t\t\t\t\t\t\t\t<\/div>\n\t\t\t\t<\/div>\n\t\t\t\t<\/div>\n\t\t\t\t\t<\/div>\n\t\t\t\t<\/div>\n\t\t<div class=\"elementor-element elementor-element-e7283fa e-flex e-con-boxed e-con e-parent\" data-id=\"e7283fa\" data-element_type=\"container\" data-settings=\"{&quot;background_background&quot;:&quot;classic&quot;}\">\n\t\t\t\t\t<div class=\"e-con-inner\">\n\t\t<div class=\"elementor-element elementor-element-32af8df e-con-full e-flex e-con e-child\" data-id=\"32af8df\" data-element_type=\"container\">\n\t\t<div class=\"elementor-element elementor-element-244825e e-con-full e-flex e-con e-child\" data-id=\"244825e\" data-element_type=\"container\">\n\t\t<div class=\"elementor-element elementor-element-77e810c e-con-full e-flex e-con e-child\" data-id=\"77e810c\" data-element_type=\"container\">\n\t\t<div class=\"elementor-element elementor-element-cc6feb3 e-con-full e-flex e-con e-child\" data-id=\"cc6feb3\" data-element_type=\"container\">\n\t\t\t\t<div class=\"elementor-element elementor-element-9c881c4 text-left elementor-widget__width-inherit text--mobilecenter elementor-widget elementor-widget-tp-heading-title\" data-id=\"9c881c4\" data-element_type=\"widget\" data-widget_type=\"tp-heading-title.default\">\n\t\t\t\t\t<div class=\"heading heading_style heading_style69e332810213b style-1\" ><div class=\"sub-style\"  ><div class=\"head-title\" > <h2  class=\"heading-title\"   data-hover=\"Trabajamos con marcas de\">We partner with<span class=\"title-s\"> prestigious brands. <\/span><\/h2><\/div><\/div><\/div>\t\t\t\t<\/div>\n\t\t\t\t<\/div>\n\t\t\t\t<\/div>\n\t\t\t\t<\/div>\n\t\t\t\t<div class=\"elementor-element elementor-element-e1b7089 elementor-pagination-type-bullets elementor-arrows-position-inside elementor-pagination-position-outside elementor-widget elementor-widget-n-carousel\" data-id=\"e1b7089\" data-element_type=\"widget\" data-settings=\"{&quot;carousel_items&quot;:[{&quot;slide_title&quot;:&quot;Slide #1&quot;,&quot;_id&quot;:&quot;4542f25&quot;},{&quot;slide_title&quot;:&quot;Slide #2&quot;,&quot;_id&quot;:&quot;1dac998&quot;},{&quot;slide_title&quot;:&quot;Slide #3&quot;,&quot;_id&quot;:&quot;804622f&quot;},{&quot;slide_title&quot;:&quot;Slide #3&quot;,&quot;_id&quot;:&quot;9259a59&quot;},{&quot;slide_title&quot;:&quot;Slide #3&quot;,&quot;_id&quot;:&quot;8b202b7&quot;},{&quot;slide_title&quot;:&quot;Slide #3&quot;,&quot;_id&quot;:&quot;379d991&quot;},{&quot;slide_title&quot;:&quot;Slide #3&quot;,&quot;_id&quot;:&quot;f3c8f4a&quot;},{&quot;slide_title&quot;:&quot;Slide #3&quot;,&quot;_id&quot;:&quot;fe6ee2a&quot;},{&quot;slide_title&quot;:&quot;Slide #3&quot;,&quot;_id&quot;:&quot;3d43134&quot;}],&quot;slides_to_show_tablet&quot;:&quot;2&quot;,&quot;slides_to_show_mobile&quot;:&quot;1&quot;,&quot;autoplay&quot;:&quot;yes&quot;,&quot;autoplay_speed&quot;:5000,&quot;pause_on_hover&quot;:&quot;yes&quot;,&quot;pause_on_interaction&quot;:&quot;yes&quot;,&quot;infinite&quot;:&quot;yes&quot;,&quot;speed&quot;:500,&quot;offset_sides&quot;:&quot;none&quot;,&quot;arrows&quot;:&quot;yes&quot;,&quot;pagination&quot;:&quot;bullets&quot;,&quot;image_spacing_custom&quot;:{&quot;unit&quot;:&quot;px&quot;,&quot;size&quot;:10,&quot;sizes&quot;:[]},&quot;image_spacing_custom_tablet&quot;:{&quot;unit&quot;:&quot;px&quot;,&quot;size&quot;:&quot;&quot;,&quot;sizes&quot;:[]},&quot;image_spacing_custom_mobile&quot;:{&quot;unit&quot;:&quot;px&quot;,&quot;size&quot;:&quot;&quot;,&quot;sizes&quot;:[]}}\" data-widget_type=\"nested-carousel.default\">\n\t\t\t\t\t\t\t<div class=\"e-n-carousel swiper\" role=\"region\" aria-roledescription=\"carousel\" aria-label=\"Carousel\" dir=\"ltr\">\n\t\t\t<div class=\"swiper-wrapper\" aria-live=\"off\">\n\t\t\t\t\t\t\t\t\t\t<div class=\"swiper-slide\" data-slide=\"1\" role=\"group\" aria-roledescription=\"slide\" aria-label=\"1 of 9\">\n\t\t\t\t\t\t\t<div class=\"elementor-element elementor-element-6109ea6 e-flex e-con-boxed e-con e-child\" data-id=\"6109ea6\" data-element_type=\"container\">\n\t\t\t\t\t<div class=\"e-con-inner\">\n\t\t<div class=\"elementor-element elementor-element-690189d e-con-full e-flex e-con e-child\" data-id=\"690189d\" data-element_type=\"container\">\n\t\t<div class=\"elementor-element elementor-element-9e9b092 e-con-full animated-slow e-flex elementor-invisible e-con e-child\" data-id=\"9e9b092\" data-element_type=\"container\" data-settings=\"{&quot;background_background&quot;:&quot;classic&quot;,&quot;animation&quot;:&quot;fadeIn&quot;,&quot;animation_delay&quot;:100}\">\n\t\t<a class=\"elementor-element elementor-element-8eeb9af e-con-full e-flex e-con e-child\" data-id=\"8eeb9af\" data-element_type=\"container\" href=\"https:\/\/www.kohlercompany.com\/\" target=\"_blank\" rel=\"noopener\">\n\t\t\t\t<div class=\"elementor-element elementor-element-0ce94c3 elementor-widget elementor-widget-heading\" data-id=\"0ce94c3\" data-element_type=\"widget\" data-widget_type=\"heading.default\">\n\t\t\t\t\t<h5 class=\"elementor-heading-title elementor-size-default\"><a href=\"https:\/\/www.kohlercompany.com\/\" target=\"_blank\" rel=\"noopener\">Kohler<\/a><\/h5>\t\t\t\t<\/div>\n\t\t\t\t<\/a>\n\t\t\t\t<\/div>\n\t\t\t\t<\/div>\n\t\t\t\t\t<\/div>\n\t\t\t\t<\/div>\n\t\t\t\t\t\t\t\t<\/div>\n\t\t\t\t\t\t\t\t\t\t\t<div class=\"swiper-slide\" data-slide=\"2\" role=\"group\" aria-roledescription=\"slide\" aria-label=\"2 of 9\">\n\t\t\t\t\t\t\t<div class=\"elementor-element elementor-element-ec3e161 e-flex e-con-boxed e-con e-child\" data-id=\"ec3e161\" data-element_type=\"container\">\n\t\t\t\t\t<div class=\"e-con-inner\">\n\t\t<div class=\"elementor-element elementor-element-e44dc42 e-con-full e-flex e-con e-child\" data-id=\"e44dc42\" data-element_type=\"container\">\n\t\t<div class=\"elementor-element elementor-element-d9eb65a e-con-full animated-slow e-flex elementor-invisible e-con e-child\" data-id=\"d9eb65a\" data-element_type=\"container\" data-settings=\"{&quot;background_background&quot;:&quot;classic&quot;,&quot;animation&quot;:&quot;fadeIn&quot;,&quot;animation_delay&quot;:100}\">\n\t\t<a class=\"elementor-element elementor-element-81dbb57 e-con-full e-flex e-con e-child\" data-id=\"81dbb57\" data-element_type=\"container\" href=\"https:\/\/www.kallista.com\/\" target=\"_blank\" rel=\"noopener\">\n\t\t\t\t<div class=\"elementor-element elementor-element-fc546e5 elementor-widget elementor-widget-heading\" data-id=\"fc546e5\" data-element_type=\"widget\" data-widget_type=\"heading.default\">\n\t\t\t\t\t<h5 class=\"elementor-heading-title elementor-size-default\"><a href=\"https:\/\/www.kallista.com\/\" target=\"_blank\" rel=\"noopener\">Kallista<\/a><\/h5>\t\t\t\t<\/div>\n\t\t\t\t<\/a>\n\t\t\t\t<\/div>\n\t\t\t\t<\/div>\n\t\t\t\t\t<\/div>\n\t\t\t\t<\/div>\n\t\t\t\t\t\t\t\t<\/div>\n\t\t\t\t\t\t\t\t\t\t\t<div class=\"swiper-slide\" data-slide=\"3\" role=\"group\" aria-roledescription=\"slide\" aria-label=\"3 of 9\">\n\t\t\t\t\t\t\t<div class=\"elementor-element elementor-element-9ae2038 e-flex e-con-boxed e-con e-child\" data-id=\"9ae2038\" data-element_type=\"container\">\n\t\t\t\t\t<div class=\"e-con-inner\">\n\t\t<div class=\"elementor-element elementor-element-50d48e5 e-con-full e-flex e-con e-child\" data-id=\"50d48e5\" data-element_type=\"container\">\n\t\t<div class=\"elementor-element elementor-element-143071b e-con-full animated-slow e-flex elementor-invisible e-con e-child\" data-id=\"143071b\" data-element_type=\"container\" data-settings=\"{&quot;background_background&quot;:&quot;classic&quot;,&quot;animation&quot;:&quot;fadeIn&quot;,&quot;animation_delay&quot;:100}\">\n\t\t<a class=\"elementor-element elementor-element-76d8666 e-con-full e-flex e-con e-child\" data-id=\"76d8666\" data-element_type=\"container\" href=\"https:\/\/www.graff-designs.com\/en\" target=\"_blank\" rel=\"noopener\">\n\t\t\t\t<div class=\"elementor-element elementor-element-69954c0 elementor-widget elementor-widget-heading\" data-id=\"69954c0\" data-element_type=\"widget\" data-widget_type=\"heading.default\">\n\t\t\t\t\t<h5 class=\"elementor-heading-title elementor-size-default\"><a href=\"https:\/\/www.graff-designs.com\/en\" target=\"_blank\" rel=\"noopener\">Graff<\/a><\/h5>\t\t\t\t<\/div>\n\t\t\t\t<\/a>\n\t\t\t\t<\/div>\n\t\t\t\t<\/div>\n\t\t\t\t\t<\/div>\n\t\t\t\t<\/div>\n\t\t\t\t\t\t\t\t<\/div>\n\t\t\t\t\t\t\t\t\t\t\t<div class=\"swiper-slide\" data-slide=\"4\" role=\"group\" aria-roledescription=\"slide\" aria-label=\"4 of 9\">\n\t\t\t\t\t\t\t<div class=\"elementor-element elementor-element-b7303f6 e-flex e-con-boxed e-con e-child\" data-id=\"b7303f6\" data-element_type=\"container\">\n\t\t\t\t\t<div class=\"e-con-inner\">\n\t\t<div class=\"elementor-element elementor-element-955e609 e-con-full e-flex e-con e-child\" data-id=\"955e609\" data-element_type=\"container\">\n\t\t<div class=\"elementor-element elementor-element-e474218 e-con-full animated-slow e-flex elementor-invisible e-con e-child\" data-id=\"e474218\" data-element_type=\"container\" data-settings=\"{&quot;background_background&quot;:&quot;classic&quot;,&quot;animation&quot;:&quot;fadeIn&quot;,&quot;animation_delay&quot;:100}\">\n\t\t<a class=\"elementor-element elementor-element-ee17673 e-con-full e-flex e-con e-child\" data-id=\"ee17673\" data-element_type=\"container\" href=\"https:\/\/www.dornbracht.com\/en\/\" target=\"_blank\" rel=\"noopener\">\n\t\t\t\t<div class=\"elementor-element elementor-element-b1d6b82 elementor-widget elementor-widget-heading\" data-id=\"b1d6b82\" data-element_type=\"widget\" data-widget_type=\"heading.default\">\n\t\t\t\t\t<h5 class=\"elementor-heading-title elementor-size-default\"><a href=\"https:\/\/www.dornbracht.com\/en\/\" target=\"_blank\" rel=\"noopener\">dornbracht<\/a><\/h5>\t\t\t\t<\/div>\n\t\t\t\t<\/a>\n\t\t\t\t<\/div>\n\t\t\t\t<\/div>\n\t\t\t\t\t<\/div>\n\t\t\t\t<\/div>\n\t\t\t\t\t\t\t\t<\/div>\n\t\t\t\t\t\t\t\t\t\t\t<div class=\"swiper-slide\" data-slide=\"5\" role=\"group\" aria-roledescription=\"slide\" aria-label=\"5 of 9\">\n\t\t\t\t\t\t\t<div class=\"elementor-element elementor-element-339e4dc e-flex e-con-boxed e-con e-child\" data-id=\"339e4dc\" data-element_type=\"container\">\n\t\t\t\t\t<div class=\"e-con-inner\">\n\t\t<div class=\"elementor-element elementor-element-e6ef8a3 e-con-full e-flex e-con e-child\" data-id=\"e6ef8a3\" data-element_type=\"container\">\n\t\t<div class=\"elementor-element elementor-element-53dc9b0 e-con-full animated-slow e-flex elementor-invisible e-con e-child\" data-id=\"53dc9b0\" data-element_type=\"container\" data-settings=\"{&quot;background_background&quot;:&quot;classic&quot;,&quot;animation&quot;:&quot;fadeIn&quot;,&quot;animation_delay&quot;:100}\">\n\t\t<a class=\"elementor-element elementor-element-ecb954b e-con-full e-flex e-con e-child\" data-id=\"ecb954b\" data-element_type=\"container\" href=\"https:\/\/www.newform.it\/en\" target=\"_blank\" rel=\"noopener\">\n\t\t\t\t<div class=\"elementor-element elementor-element-5f0a7dd elementor-widget elementor-widget-heading\" data-id=\"5f0a7dd\" data-element_type=\"widget\" data-widget_type=\"heading.default\">\n\t\t\t\t\t<h5 class=\"elementor-heading-title elementor-size-default\"><a href=\"https:\/\/www.newform.it\/en\" target=\"_blank\" rel=\"noopener\">newform<\/a><\/h5>\t\t\t\t<\/div>\n\t\t\t\t<\/a>\n\t\t\t\t<\/div>\n\t\t\t\t<\/div>\n\t\t\t\t\t<\/div>\n\t\t\t\t<\/div>\n\t\t\t\t\t\t\t\t<\/div>\n\t\t\t\t\t\t\t\t\t\t\t<div class=\"swiper-slide\" data-slide=\"6\" role=\"group\" aria-roledescription=\"slide\" aria-label=\"6 of 9\">\n\t\t\t\t\t\t\t<div class=\"elementor-element elementor-element-bf0429c e-flex e-con-boxed e-con e-child\" data-id=\"bf0429c\" data-element_type=\"container\">\n\t\t\t\t\t<div class=\"e-con-inner\">\n\t\t<div class=\"elementor-element elementor-element-cd74789 e-con-full e-flex e-con e-child\" data-id=\"cd74789\" data-element_type=\"container\">\n\t\t<div class=\"elementor-element elementor-element-741c4a0 e-con-full animated-slow e-flex elementor-invisible e-con e-child\" data-id=\"741c4a0\" data-element_type=\"container\" data-settings=\"{&quot;background_background&quot;:&quot;classic&quot;,&quot;animation&quot;:&quot;fadeIn&quot;,&quot;animation_delay&quot;:100}\">\n\t\t<a class=\"elementor-element elementor-element-c16586f e-con-full e-flex e-con e-child\" data-id=\"c16586f\" data-element_type=\"container\" href=\"https:\/\/www.fontealta.es\/home\/index\" target=\"_blank\" rel=\"noopener\">\n\t\t\t\t<div class=\"elementor-element elementor-element-c8990ca elementor-widget__width-initial elementor-widget elementor-widget-heading\" data-id=\"c8990ca\" data-element_type=\"widget\" data-widget_type=\"heading.default\">\n\t\t\t\t\t<h5 class=\"elementor-heading-title elementor-size-default\"><a href=\"https:\/\/www.fontealta.es\/home\/index\" target=\"_blank\" rel=\"noopener\">Fontealta<\/a><\/h5>\t\t\t\t<\/div>\n\t\t\t\t<\/a>\n\t\t\t\t<\/div>\n\t\t\t\t<\/div>\n\t\t\t\t\t<\/div>\n\t\t\t\t<\/div>\n\t\t\t\t\t\t\t\t<\/div>\n\t\t\t\t\t\t\t\t\t\t\t<div class=\"swiper-slide\" data-slide=\"7\" role=\"group\" aria-roledescription=\"slide\" aria-label=\"7 of 9\">\n\t\t\t\t\t\t\t<div class=\"elementor-element elementor-element-bb9b7d7 e-flex e-con-boxed e-con e-child\" data-id=\"bb9b7d7\" data-element_type=\"container\">\n\t\t\t\t\t<div class=\"e-con-inner\">\n\t\t<div class=\"elementor-element elementor-element-b614809 e-con-full e-flex e-con e-child\" data-id=\"b614809\" data-element_type=\"container\">\n\t\t<div class=\"elementor-element elementor-element-6103d4d e-con-full animated-slow e-flex elementor-invisible e-con e-child\" data-id=\"6103d4d\" data-element_type=\"container\" data-settings=\"{&quot;background_background&quot;:&quot;classic&quot;,&quot;animation&quot;:&quot;fadeIn&quot;,&quot;animation_delay&quot;:100}\">\n\t\t<a class=\"elementor-element elementor-element-96e5fc8 e-con-full e-flex e-con e-child\" data-id=\"96e5fc8\" data-element_type=\"container\" href=\"https:\/\/nativetrailshome.com\/\" target=\"_blank\" rel=\"noopener\">\n\t\t\t\t<div class=\"elementor-element elementor-element-c3befcc elementor-widget elementor-widget-heading\" data-id=\"c3befcc\" data-element_type=\"widget\" data-widget_type=\"heading.default\">\n\t\t\t\t\t<h5 class=\"elementor-heading-title elementor-size-default\"><a href=\"https:\/\/nativetrailshome.com\/\" target=\"_blank\" rel=\"noopener\">Native Trails<\/a><\/h5>\t\t\t\t<\/div>\n\t\t\t\t<\/a>\n\t\t\t\t<\/div>\n\t\t\t\t<\/div>\n\t\t\t\t\t<\/div>\n\t\t\t\t<\/div>\n\t\t\t\t\t\t\t\t<\/div>\n\t\t\t\t\t\t\t\t\t\t\t<div class=\"swiper-slide\" data-slide=\"8\" role=\"group\" aria-roledescription=\"slide\" aria-label=\"8 of 9\">\n\t\t\t\t\t\t\t<div class=\"elementor-element elementor-element-55e9fdf e-flex e-con-boxed e-con e-child\" data-id=\"55e9fdf\" data-element_type=\"container\">\n\t\t\t\t\t<div class=\"e-con-inner\">\n\t\t<div class=\"elementor-element elementor-element-9b96e64 e-con-full e-flex e-con e-child\" data-id=\"9b96e64\" data-element_type=\"container\">\n\t\t<div class=\"elementor-element elementor-element-32411df e-con-full animated-slow e-flex elementor-invisible e-con e-child\" data-id=\"32411df\" data-element_type=\"container\" data-settings=\"{&quot;background_background&quot;:&quot;classic&quot;,&quot;animation&quot;:&quot;fadeIn&quot;,&quot;animation_delay&quot;:100}\">\n\t\t<a class=\"elementor-element elementor-element-79783da e-con-full e-flex e-con e-child\" data-id=\"79783da\" data-element_type=\"container\" href=\"https:\/\/www.sonomaforge.com\/\" target=\"_blank\" rel=\"noopener\">\n\t\t\t\t<div class=\"elementor-element elementor-element-6ad6a82 elementor-widget elementor-widget-heading\" data-id=\"6ad6a82\" data-element_type=\"widget\" data-widget_type=\"heading.default\">\n\t\t\t\t\t<h5 class=\"elementor-heading-title elementor-size-default\"><a href=\"https:\/\/www.sonomaforge.com\/\" target=\"_blank\" rel=\"noopener\">Sonoma Forge<\/a><\/h5>\t\t\t\t<\/div>\n\t\t\t\t<\/a>\n\t\t\t\t<\/div>\n\t\t\t\t<\/div>\n\t\t\t\t\t<\/div>\n\t\t\t\t<\/div>\n\t\t\t\t\t\t\t\t<\/div>\n\t\t\t\t\t\t\t\t\t\t\t<div class=\"swiper-slide\" data-slide=\"9\" role=\"group\" aria-roledescription=\"slide\" aria-label=\"9 of 9\">\n\t\t\t\t\t\t\t<div class=\"elementor-element elementor-element-eb27e36 e-flex e-con-boxed e-con e-child\" data-id=\"eb27e36\" data-element_type=\"container\">\n\t\t\t\t\t<div class=\"e-con-inner\">\n\t\t<div class=\"elementor-element elementor-element-2bf67d6 e-con-full e-flex e-con e-child\" data-id=\"2bf67d6\" data-element_type=\"container\">\n\t\t<div class=\"elementor-element elementor-element-2ebe39d e-con-full animated-slow e-flex elementor-invisible e-con e-child\" data-id=\"2ebe39d\" data-element_type=\"container\" data-settings=\"{&quot;background_background&quot;:&quot;classic&quot;,&quot;animation&quot;:&quot;fadeIn&quot;,&quot;animation_delay&quot;:100}\">\n\t\t<a class=\"elementor-element elementor-element-247c384 e-con-full e-flex e-con e-child\" data-id=\"247c384\" data-element_type=\"container\" href=\"https:\/\/stoneforest.com\/\" target=\"_blank\" rel=\"noopener\">\n\t\t\t\t<div class=\"elementor-element elementor-element-70a3306 elementor-widget elementor-widget-heading\" data-id=\"70a3306\" data-element_type=\"widget\" data-widget_type=\"heading.default\">\n\t\t\t\t\t<h5 class=\"elementor-heading-title elementor-size-default\"><a href=\"https:\/\/stoneforest.com\/\" target=\"_blank\" rel=\"noopener\">Stone Forest<\/a><\/h5>\t\t\t\t<\/div>\n\t\t\t\t<\/a>\n\t\t\t\t<\/div>\n\t\t\t\t<\/div>\n\t\t\t\t\t<\/div>\n\t\t\t\t<\/div>\n\t\t\t\t\t\t\t\t<\/div>\n\t\t\t\t\t\t\t\t<\/div>\n\t\t<\/div>\n\t\t\t\t\t<div class=\"elementor-swiper-button elementor-swiper-button-prev\" role=\"button\" tabindex=\"0\" aria-label=\"Previous\">\n\t\t\t\t<svg aria-hidden=\"true\" class=\"e-font-icon-svg e-eicon-chevron-left\" viewbox=\"0 0 1000 1000\" xmlns=\"http:\/\/www.w3.org\/2000\/svg\"><path d=\"M646 125C629 125 613 133 604 142L308 442C296 454 292 471 292 487 292 504 296 521 308 533L604 854C617 867 629 875 646 875 663 875 679 871 692 858 704 846 713 829 713 812 713 796 708 779 692 767L438 487 692 225C700 217 708 204 708 187 708 171 704 154 692 142 675 129 663 125 646 125Z\"><\/path><\/svg>\t\t\t<\/div>\n\t\t\t<div class=\"elementor-swiper-button elementor-swiper-button-next\" role=\"button\" tabindex=\"0\" aria-label=\"Next\">\n\t\t\t\t<svg aria-hidden=\"true\" class=\"e-font-icon-svg e-eicon-chevron-right\" viewbox=\"0 0 1000 1000\" xmlns=\"http:\/\/www.w3.org\/2000\/svg\"><path d=\"M696 533C708 521 713 504 713 487 713 471 708 454 696 446L400 146C388 133 375 125 354 125 338 125 325 129 313 142 300 154 292 171 292 187 292 204 296 221 308 233L563 492 304 771C292 783 288 800 288 817 288 833 296 850 308 863 321 871 338 875 354 875 371 875 388 867 400 854L696 533Z\"><\/path><\/svg>\t\t\t<\/div>\n\t\t\t\t\t<div class=\"swiper-pagination\"><\/div>\n\t\t\t\t\t\t<\/div>\n\t\t\t\t<\/div>\n\t\t\t\t\t<\/div>\n\t\t\t\t<\/div>\n\t\t\t\t<\/div>","protected":false},"excerpt":{"rendered":"<p>Loza y grifer\u00eda residencial \u00bfNecesitas asesoria? Loza y Grifer\u00eda residencial La loza y grifer\u00eda tanto de ba\u00f1os como de cocinas son elementos esenciales que marcar\u00e1n el estilo y funcionalidad de sus espacios. En Alumimundo, nos dedicamos a buscar las marcas que ofrecen la mejor relaci\u00f3n precio\/valor en soluciones de acabados para la construcci\u00f3n. Trabajamos con [&hellip;]<\/p>","protected":false},"author":1,"featured_media":0,"parent":0,"menu_order":0,"comment_status":"closed","ping_status":"closed","template":"","meta":{"_joinchat":[],"footnotes":""},"class_list":["post-536","page","type-page","status-publish","hentry"],"_links":{"self":[{"href":"https:\/\/alumimundo.com\/en\/wp-json\/wp\/v2\/pages\/536","targetHints":{"allow":["GET"]}}],"collection":[{"href":"https:\/\/alumimundo.com\/en\/wp-json\/wp\/v2\/pages"}],"about":[{"href":"https:\/\/alumimundo.com\/en\/wp-json\/wp\/v2\/types\/page"}],"author":[{"embeddable":true,"href":"https:\/\/alumimundo.com\/en\/wp-json\/wp\/v2\/users\/1"}],"replies":[{"embeddable":true,"href":"https:\/\/alumimundo.com\/en\/wp-json\/wp\/v2\/comments?post=536"}],"version-history":[{"count":70,"href":"https:\/\/alumimundo.com\/en\/wp-json\/wp\/v2\/pages\/536\/revisions"}],"predecessor-version":[{"id":1532,"href":"https:\/\/alumimundo.com\/en\/wp-json\/wp\/v2\/pages\/536\/revisions\/1532"}],"wp:attachment":[{"href":"https:\/\/alumimundo.com\/en\/wp-json\/wp\/v2\/media?parent=536"}],"curies":[{"name":"wp","href":"https:\/\/api.w.org\/{rel}","templated":true}]}}